{"id":22,"date":"2015-06-24T07:48:45","date_gmt":"2015-06-24T07:48:45","guid":{"rendered":"http:\/\/transport.thememove.com\/?page_id=22"},"modified":"2023-07-11T14:04:17","modified_gmt":"2023-07-11T14:04:17","slug":"kapcsolat-vasuti-szallitas","status":"publish","type":"page","link":"https:\/\/www.petrolsped.hu\/en\/kapcsolat-vasuti-szallitas\/","title":{"rendered":"Contact &#8211; Rail transportation"},"content":{"rendered":"<div class=\"wpb-content-wrapper\"><p>[vc_row full_width=&#8221;stretch_row_content_no_spaces&#8221; css=&#8221;.vc_custom_1435654014372{margin-top: -70px !important;margin-bottom: 70px !important;}&#8221;][vc_column width=&#8221;1\/2&#8243;][thememove_gmaps address=&#8221;47.547264,19.043151&#8243; map_style=&#8221;style1&#8243; marker_icon=&#8221;74931&#8243;][\/thememove_gmaps][\/vc_column][vc_column width=&#8221;1\/2&#8243;][vc_custom_heading text=&#8221;Rail transportation&#8221; font_container=&#8221;tag:h2|text_align:left|color:%23111111&#8243; use_theme_fonts=&#8221;yes&#8221; el_class=&#8221;style3&#8243; css=&#8221;.vc_custom_1489337118654{margin-top: 20px !important;margin-bottom: 30px !important;margin-left: 10px !important;}&#8221;][vc_column_text css=&#8221;.vc_custom_1493316785218{margin-left: 10px !important;}&#8221;]Telefonsz\u00e1m: <strong>+36\u00a01 815 53 11 \u00a0<\/strong>\u00a0&#8211;<strong>\u00a0\u00a0<\/strong>\u00a0fax: <strong>+36\u00a01 815 53 48<\/strong>[\/vc_column_text][vc_row_inner][vc_column_inner width=&#8221;1\/3&#8243;][vc_column_text css=&#8221;.vc_custom_1489343507790{margin-left: 10px !important;}&#8221;]<\/p>\n<p class=\"western\"><b>Gr\u00e9bner Melinda<br \/>\nTrade\u00a0manager<br \/>\ne-mail:\u00a0<\/b><span style=\"color: #0000ff;\"><a href=\"mailto:grebner.melinda@petrolsped.hu\"><b>grebner.melinda@petrolsped.hu<\/b><\/a><\/span><b><br \/>\nphone: +36 30 219 4053\u00a0<\/b><\/p>\n<p>[\/vc_column_text][\/vc_column_inner][vc_column_inner width=&#8221;1\/3&#8243;][vc_column_text css=&#8221;.vc_custom_1489342931564{margin-left: 10px !important;}&#8221;]<\/p>\n<p class=\"western\"><b>Kov\u00e1csn\u00e9 Barna Ildik\u00f3<br \/>\nSales manager<br \/>\ne-mail:\u00a0<a href=\"mailto:kovacsne.ildiko@petrolsped.hu\">kovacsne.ildiko@petrolsped.hu<\/a><\/b><b><br \/>\nphone: +36 30\u00a0426 4791<\/b><\/p>\n<p>[\/vc_column_text][\/vc_column_inner][vc_column_inner width=&#8221;1\/3&#8243;][vc_column_text css=&#8221;.vc_custom_1489343020616{margin-left: 10px !important;}&#8221;]<\/p>\n<p class=\"western\"><b>Varga-Hidi Andrea<br \/>\nManager of Freight Forwarding<br \/>\ne-mail:\u00a0<\/b><span style=\"color: #0000ff;\"><a href=\"mailto:andrea@petrolsped.hu\"><b>andrea@petrolsped.hu<\/b><\/a><\/span><b><br \/>\nphone: +36 30 504 1284<\/b><\/p>\n<p>[\/vc_column_text][\/vc_column_inner][\/vc_row_inner][vc_row_inner][vc_column_inner width=&#8221;1\/3&#8243;][vc_column_text css=&#8221;.vc_custom_1489343032983{margin-left: 10px !important;}&#8221;]<b>Pecze Ervin<br \/>\nManager of Freight Forwarding<br \/>\ne-mail:\u00a0<\/b><span style=\"color: #0000ff;\"><a href=\"mailto:pecze.ervin@petrolsped.hu\"><b>pecze.ervin@petrolsped.hu<\/b><\/a><\/span><b><br \/>\nphone: +36 30 786 7836<\/b>[\/vc_column_text][\/vc_column_inner][vc_column_inner width=&#8221;1\/3&#8243;][vc_column_text css=&#8221;.vc_custom_1535990491110{margin-left: 10px !important;}&#8221;]<\/p>\n<p class=\"western\"><b>Kov\u00e1cs Attila Ferenc<br \/>\nDirector of Strategy and Coordination<br \/>\ne-mail:\u00a0<a href=\"mailto:attila@petrolsped.hu\">attila@petrolsped.hu<\/a><\/b><b><br \/>\nphone: +36 30 779 7675<\/b><\/p>\n<p>[\/vc_column_text][\/vc_column_inner][vc_column_inner width=&#8221;1\/3&#8243;][\/vc_column_inner][\/vc_row_inner][vc_custom_heading text=&#8221;Contact details of our affiliates&#8221; font_container=&#8221;tag:h2|text_align:left|color:%23111111&#8243; use_theme_fonts=&#8221;yes&#8221; el_class=&#8221;style3&#8243; css=&#8221;.vc_custom_1489342881982{margin-bottom: 30px !important;margin-left: 10px !important;}&#8221;][vc_row_inner][vc_column_inner width=&#8221;1\/3&#8243;][vc_column_text css=&#8221;.vc_custom_1486992701174{margin-left: 10px !important;}&#8221;]<\/p>\n<div class=\"\">\n<p>Petrolsped Slovakia s.r.o.<br class=\"\" \/>Arm. gen. L. Svobodu 2839\/1<br class=\"\" \/>P.O.BOX 55,\u00a0984 01 Lu\u010denec<br class=\"\" \/>Slovensk\u00e1 republika<\/p>\n<p><strong class=\"\">tel: +421 47 3811726<br \/>\nfax: +421 47 3811729<\/strong><br class=\"\" \/><a class=\"moz-txt-link-freetext\" href=\"https:\/\/www.petrolsped.sk\/\" target=\"_blank\" rel=\"noopener\">https:\/\/www.petrolsped.sk\/<\/a><\/p>\n<\/div>\n<p>[\/vc_column_text][\/vc_column_inner][vc_column_inner width=&#8221;1\/3&#8243;][vc_column_text css=&#8221;.vc_custom_1486992709407{margin-left: 10px !important;}&#8221;]MMV Rail Romania<br class=\"\" \/>II George Cosbu Street<br class=\"\" \/>400375 &#8211; Cluj-Napoca<br \/>\nRomania<\/p>\n<p><strong class=\"\">tel: +40 752 283-224<br \/>\nfax: +40 371 600 396<br \/>\n<\/strong><a href=\"https:\/\/mmvrail.ro\" target=\"_blank\" rel=\"noopener\">https:\/\/mmvrail.ro<\/a>[\/vc_column_text][\/vc_column_inner][vc_column_inner width=&#8221;1\/3&#8243;][vc_column_text css=&#8221;.vc_custom_1600269021252{margin-left: 10px !important;}&#8221;]MMV Rail\u00a0Austria Ges.m.b.H.<br class=\"\" \/>Iz N\u00f6-S\u00fcd. Strasse 7. Objekt 58D<br class=\"\" \/>2355\u00a0&#8211;\u00a0Wiener Neudorf<br \/>\nAustria<\/p>\n<p><strong class=\"\">tel: +36 20 932 3008<br \/>\n<\/strong><a href=\"https:\/\/mmvrail.at\" target=\"_blank\" rel=\"noopener\">https:\/\/mmvrail.at<\/a>[\/vc_column_text][\/vc_column_inner][\/vc_row_inner][\/vc_column][\/vc_row]<\/p>\n<\/div>","protected":false},"excerpt":{"rendered":"<p>[vc_row full_width=&#8221;stretch_row_content_no_spaces&#8221; css=&#8221;.vc_custom_1435654014372{margin-top: -70px !important;margin-bottom: 70px !important;}&#8221;][vc_column width=&#8221;1\/2&#8243;][thememove_gmaps address=&#8221;47.547264,19.043151&#8243; map_style=&#8221;style1&#8243; marker_icon=&#8221;74931&#8243;][\/thememove_gmaps][\/vc_column][vc_column width=&#8221;1\/2&#8243;][vc_custom_heading text=&#8221;Rail transportation&#8221; font_container=&#8221;tag:h2|text_align:left|color:%23111111&#8243; use_theme_fonts=&#8221;yes&#8221; el_class=&#8221;style3&#8243; css=&#8221;.vc_custom_1489337118654{margin-top: 20px !important;margin-bottom: [&hellip;]<\/p>\n","protected":false},"author":1,"featured_media":0,"parent":0,"menu_order":0,"comment_status":"closed","ping_status":"closed","template":"","meta":{"footnotes":""},"_links":{"self":[{"href":"https:\/\/www.petrolsped.hu\/en\/wp-json\/wp\/v2\/pages\/22"}],"collection":[{"href":"https:\/\/www.petrolsped.hu\/en\/wp-json\/wp\/v2\/pages"}],"about":[{"href":"https:\/\/www.petrolsped.hu\/en\/wp-json\/wp\/v2\/types\/page"}],"author":[{"embeddable":true,"href":"https:\/\/www.petrolsped.hu\/en\/wp-json\/wp\/v2\/users\/1"}],"replies":[{"embeddable":true,"href":"https:\/\/www.petrolsped.hu\/en\/wp-json\/wp\/v2\/comments?post=22"}],"version-history":[{"count":70,"href":"https:\/\/www.petrolsped.hu\/en\/wp-json\/wp\/v2\/pages\/22\/revisions"}],"predecessor-version":[{"id":79970,"href":"https:\/\/www.petrolsped.hu\/en\/wp-json\/wp\/v2\/pages\/22\/revisions\/79970"}],"wp:attachment":[{"href":"https:\/\/www.petrolsped.hu\/en\/wp-json\/wp\/v2\/media?parent=22"}],"curies":[{"name":"wp","href":"https:\/\/api.w.org\/{rel}","templated":true}]}}