{"id":74560,"date":"2015-07-17T07:08:07","date_gmt":"2015-07-17T07:08:07","guid":{"rendered":"http:\/\/transport.thememove.com\/?page_id=74560"},"modified":"2021-06-11T11:08:03","modified_gmt":"2021-06-11T11:08:03","slug":"partnereink","status":"publish","type":"page","link":"https:\/\/www.petrolsped.hu\/en\/partnereink\/","title":{"rendered":"Our Partner"},"content":{"rendered":"<div class=\"wpb-content-wrapper\"><p>[vc_row][vc_column width=&#8221;1\/2&#8243;][vc_column_text]<\/p>\n<p class=\"western\"><strong>Partnereink vas\u00faton:<\/strong><\/p>\n<p class=\"western\">Lafarge Cement Magyarorsz\u00e1g Kft.<\/p>\n<p class=\"western\">Magyar Cukor Zrt.<\/p>\n<p class=\"western\">Transit Group Zrt.<\/p>\n<p class=\"western\">Mol Nyrt.<\/p>\n<p class=\"western\">MET International AG<\/p>\n<p class=\"western\">GATX Rail Austria GmbH<\/p>\n<p class=\"western\">Magyar Plastiroute Kft.<\/p>\n<p class=\"western\">Duna-Dr\u00e1va Cement Kft.<\/p>\n<p class=\"western\">DBK Donau Brennstoffkontor Kft.<\/p>\n<p class=\"western\">Ill\u00e9s Logistics Zrt.<\/p>\n<p class=\"western\">Strabag \u00c9p\u00edt\u0151 Kft.<\/p>\n<p class=\"western\">Swiss Krono Kft.<\/p>\n<p class=\"western\">Ameropa AG<\/p>\n<p class=\"western\">Gy\u0151ri Szesz Zrt.<\/p>\n<p class=\"western\">Lesaffre Magyarorsz\u00e1g Kft.<\/p>\n<p class=\"western\">Scholz Recycling Kft.<\/p>\n<p class=\"western\">Lafarge-Holcim Group<\/p>\n<p class=\"western\">T\u00fcz\u00e9pker Kft.<\/p>\n<p class=\"western\">Hacem Kft.<\/p>\n<p class=\"western\">Bunge Zrt.<\/p>\n<p class=\"western\">Above all the listed, among our road transport clients you can find micro-enterprises as well as large multinational companies on almost all fields of activities like food-industry, construction-industry, agriculture, chemical industry, car-industry and many others.<\/p>\n<p>[\/vc_column_text][\/vc_column][vc_column width=&#8221;1\/2&#8243;][vc_single_image image=&#8221;74983&#8243; img_size=&#8221;large&#8221; alignment=&#8221;center&#8221; style=&#8221;vc_box_rounded&#8221;][\/vc_column][\/vc_row]<\/p>\n<\/div>","protected":false},"excerpt":{"rendered":"<p>[vc_row][vc_column width=&#8221;1\/2&#8243;][vc_column_text] Partnereink vas\u00faton: Lafarge Cement Magyarorsz\u00e1g Kft. Magyar Cukor Zrt. Transit Group Zrt. Mol Nyrt. MET International AG GATX [&hellip;]<\/p>\n","protected":false},"author":1,"featured_media":0,"parent":0,"menu_order":0,"comment_status":"open","ping_status":"open","template":"","meta":{"footnotes":""},"_links":{"self":[{"href":"https:\/\/www.petrolsped.hu\/en\/wp-json\/wp\/v2\/pages\/74560"}],"collection":[{"href":"https:\/\/www.petrolsped.hu\/en\/wp-json\/wp\/v2\/pages"}],"about":[{"href":"https:\/\/www.petrolsped.hu\/en\/wp-json\/wp\/v2\/types\/page"}],"author":[{"embeddable":true,"href":"https:\/\/www.petrolsped.hu\/en\/wp-json\/wp\/v2\/users\/1"}],"replies":[{"embeddable":true,"href":"https:\/\/www.petrolsped.hu\/en\/wp-json\/wp\/v2\/comments?post=74560"}],"version-history":[{"count":15,"href":"https:\/\/www.petrolsped.hu\/en\/wp-json\/wp\/v2\/pages\/74560\/revisions"}],"predecessor-version":[{"id":79920,"href":"https:\/\/www.petrolsped.hu\/en\/wp-json\/wp\/v2\/pages\/74560\/revisions\/79920"}],"wp:attachment":[{"href":"https:\/\/www.petrolsped.hu\/en\/wp-json\/wp\/v2\/media?parent=74560"}],"curies":[{"name":"wp","href":"https:\/\/api.w.org\/{rel}","templated":true}]}}