{"id":74562,"date":"2015-07-17T07:08:38","date_gmt":"2015-07-17T07:08:38","guid":{"rendered":"http:\/\/transport.thememove.com\/?page_id=74562"},"modified":"2017-03-04T17:58:29","modified_gmt":"2017-03-04T17:58:29","slug":"tamogatas-es-reklam","status":"publish","type":"page","link":"https:\/\/www.petrolsped.hu\/en\/tamogatas-es-reklam\/","title":{"rendered":"Supporting"},"content":{"rendered":"<div class=\"wpb-content-wrapper\"><p>[vc_row][vc_column width=&#8221;1\/2&#8243;][vc_custom_heading text=&#8221;ZENG\u0150 Motorsport&#8221; use_theme_fonts=&#8221;yes&#8221; el_class=&#8221;style3&#8243;][\/vc_column][vc_column width=&#8221;1\/2&#8243;][vc_custom_heading text=&#8221;Bozsoki Sportegyes\u00fclet&#8221; use_theme_fonts=&#8221;yes&#8221; el_class=&#8221;style3&#8243;][\/vc_column][\/vc_row][vc_row][vc_column][vc_separator][vc_empty_space][\/vc_column][\/vc_row][vc_row][vc_column][vc_custom_heading text=&#8221;H\u00edreink&#8221; use_theme_fonts=&#8221;yes&#8221; el_class=&#8221;style3&#8243;][thememove_blog enable_share=&#8221;true&#8221;][\/vc_column][\/vc_row][vc_row][vc_column][vc_empty_space][\/vc_column][\/vc_row][vc_row full_width=&#8221;stretch_row&#8221; css=&#8221;.vc_custom_1435652900959{margin-bottom: 0px !important;border-top-width: 1px !important;padding-top: 50px !important;padding-bottom: 50px !important;background-color: #eeeeee !important;border-top-color: #dddddd !important;border-top-style: solid !important;}&#8221; el_class=&#8221;align-right&#8221;][vc_column width=&#8221;2\/3&#8243; css=&#8221;.vc_custom_1460435272302{padding-top: 0px !important;padding-bottom: 0px !important;}&#8221;][vc_custom_heading text=&#8221;Szeretne a t\u00e1mogatotti k\u00f6r\u00fcnkbe beker\u00fclni?&#8221; font_container=&#8221;tag:h3|font_size:18|text_align:left|color:%23111111&#8243; use_theme_fonts=&#8221;yes&#8221; css=&#8221;.vc_custom_1465736435882{margin-top: 10px !important;}&#8221;][\/vc_column][vc_column width=&#8221;1\/3&#8243; css=&#8221;.vc_custom_1460435277668{padding-top: 0px !important;padding-bottom: 0px !important;}&#8221;][thememove_button text=&#8221;L\u00e9pjen vel\u00fcnk kapcsolatba!&#8221; url=&#8221;\/kapcsolat&#8221;][\/vc_column][\/vc_row]<\/p>\n<\/div>","protected":false},"excerpt":{"rendered":"<p>[vc_row][vc_column width=&#8221;1\/2&#8243;][vc_custom_heading text=&#8221;ZENG\u0150 Motorsport&#8221; use_theme_fonts=&#8221;yes&#8221; el_class=&#8221;style3&#8243;][\/vc_column][vc_column width=&#8221;1\/2&#8243;][vc_custom_heading text=&#8221;Bozsoki Sportegyes\u00fclet&#8221; use_theme_fonts=&#8221;yes&#8221; el_class=&#8221;style3&#8243;][\/vc_column][\/vc_row][vc_row][vc_column][vc_separator][vc_empty_space][\/vc_column][\/vc_row][vc_row][vc_column][vc_custom_heading text=&#8221;H\u00edreink&#8221; use_theme_fonts=&#8221;yes&#8221; el_class=&#8221;style3&#8243;][thememove_blog enable_share=&#8221;true&#8221;][\/vc_column][\/vc_row][vc_row][vc_column][vc_empty_space][\/vc_column][\/vc_row][vc_row full_width=&#8221;stretch_row&#8221; css=&#8221;.vc_custom_1435652900959{margin-bottom: 0px !important;border-top-width: 1px [&hellip;]<\/p>\n","protected":false},"author":1,"featured_media":0,"parent":0,"menu_order":0,"comment_status":"open","ping_status":"open","template":"","meta":{"footnotes":""},"_links":{"self":[{"href":"https:\/\/www.petrolsped.hu\/en\/wp-json\/wp\/v2\/pages\/74562"}],"collection":[{"href":"https:\/\/www.petrolsped.hu\/en\/wp-json\/wp\/v2\/pages"}],"about":[{"href":"https:\/\/www.petrolsped.hu\/en\/wp-json\/wp\/v2\/types\/page"}],"author":[{"embeddable":true,"href":"https:\/\/www.petrolsped.hu\/en\/wp-json\/wp\/v2\/users\/1"}],"replies":[{"embeddable":true,"href":"https:\/\/www.petrolsped.hu\/en\/wp-json\/wp\/v2\/comments?post=74562"}],"version-history":[{"count":11,"href":"https:\/\/www.petrolsped.hu\/en\/wp-json\/wp\/v2\/pages\/74562\/revisions"}],"predecessor-version":[{"id":75266,"href":"https:\/\/www.petrolsped.hu\/en\/wp-json\/wp\/v2\/pages\/74562\/revisions\/75266"}],"wp:attachment":[{"href":"https:\/\/www.petrolsped.hu\/en\/wp-json\/wp\/v2\/media?parent=74562"}],"curies":[{"name":"wp","href":"https:\/\/api.w.org\/{rel}","templated":true}]}}