{"id":75138,"date":"2017-01-31T14:32:58","date_gmt":"2017-01-31T14:32:58","guid":{"rendered":"http:\/\/www.petrolsped.hu\/?page_id=75138"},"modified":"2025-10-27T09:53:23","modified_gmt":"2025-10-27T09:53:23","slug":"kapcsolat-kozuti-szallitas","status":"publish","type":"page","link":"https:\/\/www.petrolsped.hu\/en\/kapcsolat-kozuti-szallitas\/","title":{"rendered":"Contact &#8211; Road transportation"},"content":{"rendered":"<div class=\"wpb-content-wrapper\"><p>[vc_row full_width=&#8221;stretch_row_content_no_spaces&#8221; css=&#8221;.vc_custom_1486455162971{margin-top: -70px !important;margin-bottom: 70px !important;}&#8221;][vc_column width=&#8221;1\/2&#8243;][thememove_gmaps address=&#8221;47.547264,19.043151&#8243; map_style=&#8221;style1&#8243; marker_icon=&#8221;74931&#8243;][\/thememove_gmaps][\/vc_column][vc_column width=&#8221;1\/2&#8243;][vc_custom_heading text=&#8221;Road transportation&#8221; font_container=&#8221;tag:h2|text_align:left|color:%23111111&#8243; use_theme_fonts=&#8221;yes&#8221; el_class=&#8221;style3&#8243; css=&#8221;.vc_custom_1489337158403{margin-top: 20px !important;margin-bottom: 30px !important;margin-left: 10px !important;}&#8221;][vc_column_text css=&#8221;.vc_custom_1493316604545{margin-left: 10px !important;}&#8221;]Telefonsz\u00e1m: <strong>+36\u00a01 815 53 15<\/strong>\u00a0 \u00a0&#8211; \u00a0 fax: <strong>+36\u00a01 815 53 48<\/strong>[\/vc_column_text][vc_row_inner][vc_column_inner width=&#8221;1\/2&#8243; css=&#8221;.vc_custom_1486455179736{margin-right: 10px !important;margin-left: 10px !important;}&#8221;][vc_column_text]<\/p>\n<p class=\"western\"><b>Z\u00e1mb\u00f3 Nikolett<br \/>\nSz\u00e1ll\u00edtm\u00e1nyoz\u00e1si vezet\u0151<br \/>\ne-mail: <a href=\"mailto:zambo.nikolett@petrolsped.hu\">zambo.nikolett@petrolsped.hu<\/a><br \/>\nmobil: +36 30 660 8956<\/b><\/p>\n<p>[\/vc_column_text][vc_column_text]<b>Nagy Alexandra<br \/>\nP\u00e9nz\u00fcgyi \u00fcgyint\u00e9z\u0151<br \/>\ne-mail:\u00a0<a href=\"mailto:nagy.alexandra@petrolsped.hu\">nagy.alexandra@petrolsped.hu<\/a><a href=\"mailto:markovics.aliz@petrolsped.hu\"><br \/>\n<\/a>mobil: +36 30\u00a0315 8825<\/b>[\/vc_column_text][\/vc_column_inner][vc_column_inner width=&#8221;1\/2&#8243; css=&#8221;.vc_custom_1486455187028{margin-right: 10px !important;margin-left: 10px !important;}&#8221;][vc_column_text]<\/p>\n<p style=\"font-weight: 400;\"><strong>Gyebn\u00e1r Bence<br \/>\nK\u00f6z\u00fati\u00a0sz\u00e1ll\u00edtm\u00e1nyoz\u00f3<br \/>\ne-mail:\u00a0<a href=\"mailto:gyebnar.bence@petrolsped.hu\">gyebnar.bence@petrolsped.hu<\/a><br \/>\nmobil: +36 70 810 5802<\/strong><\/p>\n<p>[\/vc_column_text][vc_column_text]<b>Radnai D\u00e1vid<br \/>\nK\u00f6z\u00fati\u00a0sz\u00e1ll\u00edtm\u00e1nyoz\u00f3<br \/>\ne-mail:\u00a0<a class=\"moz-txt-link-abbreviated\" href=\"mailto:radnai.david@petrolsped.hu\">radnai.david@petrolsped.hu<\/a><br \/>\nmobil: +36 30 928 8974<\/b>[\/vc_column_text][\/vc_column_inner][\/vc_row_inner][\/vc_column][\/vc_row]<\/p>\n<\/div>","protected":false},"excerpt":{"rendered":"<p>[vc_row full_width=&#8221;stretch_row_content_no_spaces&#8221; css=&#8221;.vc_custom_1486455162971{margin-top: -70px !important;margin-bottom: 70px !important;}&#8221;][vc_column width=&#8221;1\/2&#8243;][thememove_gmaps address=&#8221;47.547264,19.043151&#8243; map_style=&#8221;style1&#8243; marker_icon=&#8221;74931&#8243;][\/thememove_gmaps][\/vc_column][vc_column width=&#8221;1\/2&#8243;][vc_custom_heading text=&#8221;Road transportation&#8221; font_container=&#8221;tag:h2|text_align:left|color:%23111111&#8243; use_theme_fonts=&#8221;yes&#8221; el_class=&#8221;style3&#8243; css=&#8221;.vc_custom_1489337158403{margin-top: 20px !important;margin-bottom: [&hellip;]<\/p>\n","protected":false},"author":1,"featured_media":0,"parent":0,"menu_order":0,"comment_status":"closed","ping_status":"closed","template":"","meta":{"footnotes":""},"_links":{"self":[{"href":"https:\/\/www.petrolsped.hu\/en\/wp-json\/wp\/v2\/pages\/75138"}],"collection":[{"href":"https:\/\/www.petrolsped.hu\/en\/wp-json\/wp\/v2\/pages"}],"about":[{"href":"https:\/\/www.petrolsped.hu\/en\/wp-json\/wp\/v2\/types\/page"}],"author":[{"embeddable":true,"href":"https:\/\/www.petrolsped.hu\/en\/wp-json\/wp\/v2\/users\/1"}],"replies":[{"embeddable":true,"href":"https:\/\/www.petrolsped.hu\/en\/wp-json\/wp\/v2\/comments?post=75138"}],"version-history":[{"count":38,"href":"https:\/\/www.petrolsped.hu\/en\/wp-json\/wp\/v2\/pages\/75138\/revisions"}],"predecessor-version":[{"id":80024,"href":"https:\/\/www.petrolsped.hu\/en\/wp-json\/wp\/v2\/pages\/75138\/revisions\/80024"}],"wp:attachment":[{"href":"https:\/\/www.petrolsped.hu\/en\/wp-json\/wp\/v2\/media?parent=75138"}],"curies":[{"name":"wp","href":"https:\/\/api.w.org\/{rel}","templated":true}]}}