{"id":79482,"date":"2018-06-22T17:17:21","date_gmt":"2018-06-22T17:17:21","guid":{"rendered":"http:\/\/www.petrolsped.hu\/?page_id=79482"},"modified":"2023-02-15T13:14:21","modified_gmt":"2023-02-15T13:14:21","slug":"karrier","status":"publish","type":"page","link":"https:\/\/www.petrolsped.hu\/en\/karrier\/","title":{"rendered":"Career"},"content":{"rendered":"<div class=\"wpb-content-wrapper\"><p>[vc_row][vc_column][vc_column_text]<\/p>\n<h3>Budapest &#8211; Fuvarszervez\u0151<\/h3>\n<p>Belf\u00f6ldi \u00e9s nemzetk\u00f6zi k\u00f6z\u00fati sz\u00e1ll\u00edtm\u00e1nyoz\u00f3t\/fuvarszervez\u0151t keres\u00fcnk ak\u00e1r azonnali kezd\u00e9ssel, Budapest, III. ker\u00fcleti irod\u00e1nkba.<\/p>\n<p><strong>Feladatok:<\/strong><br \/>\n\u2022 nemzetk\u00f6zi \u00e9s belf\u00f6ldi fuvarok szervez\u00e9se, bonyol\u00edt\u00e1sa,<br \/>\n\u2022 kapcsolattart\u00e1s a megb\u00edz\u00f3kkal \u00e9s a fuvaroz\u00f3kkal<\/p>\n<p><strong>Elv\u00e1r\u00e1sok:<\/strong><br \/>\n\u2022 sz\u00e1ll\u00edtm\u00e1nyoz\u00f3i munkak\u00f6rben elt\u00f6lt\u00f6tt tapasztalat<br \/>\n\u2022 minimum k\u00f6z\u00e9pfok\u00fa v\u00e9gzetts\u00e9g,<br \/>\n\u2022 t\u00e1rgyal\u00f3 k\u00e9pes angol \u00e9s\/vagy n\u00e9met nyelvtud\u00e1s,<br \/>\n\u2022 j\u00f3 szervez\u0151 k\u00e9pess\u00e9g.<br \/>\n\u2022 kiv\u00e1l\u00f3 kommunik\u00e1ci\u00f3s \u00e9s probl\u00e9ma-megold\u00f3 k\u00e9pess\u00e9g.<br \/>\n\u2022 \u00f6n\u00e1ll\u00f3 \u00e9s csapatban val\u00f3 munkav\u00e9gz\u00e9s<br \/>\n\u2022 \u00fcgyf\u00e9lorient\u00e1lts\u00e1g.<br \/>\n\u2022 rugalmas \u00e9s logikus gondolkod\u00e1sm\u00f3d.<\/p>\n<p><strong>El\u0151ny:<\/strong><br \/>\n\u2022 megl\u00e9v\u0151 kapcsolatrendszer, megl\u00e9v\u0151 fuvaroz\u00f3i k\u00f6rrel<\/p>\n<p><strong>Amit k\u00edn\u00e1lunk:<\/strong><br \/>\n\u2022 Azonnali kezd\u00e9s<br \/>\n\u2022 Biztos b\u00e9rez\u00e9s<br \/>\n\u2022 Hossz\u00fat\u00e1v\u00fa munkalehet\u0151s\u00e9g<br \/>\n\u2022 Lend\u00fcletes csapat<br \/>\n\u2022 Modern irodai k\u00f6rnyezet<\/p>\n<p>P\u00e1ly\u00e1zatokat, lehet\u0151leg f\u00e9nyk\u00e9pes \u00f6n\u00e9letrajzokat a <a href=\"mailto:vasarhelyi.gyorgy@petrolsped.hu\">vasarhelyi.gyorgy@petrolsped.hu<\/a> c\u00edmre v\u00e1rjuk.[\/vc_column_text][\/vc_column][\/vc_row]<\/p>\n<\/div>","protected":false},"excerpt":{"rendered":"<p>[vc_row][vc_column][vc_column_text] Budapest &#8211; Fuvarszervez\u0151 Belf\u00f6ldi \u00e9s nemzetk\u00f6zi k\u00f6z\u00fati sz\u00e1ll\u00edtm\u00e1nyoz\u00f3t\/fuvarszervez\u0151t keres\u00fcnk ak\u00e1r azonnali kezd\u00e9ssel, Budapest, III. ker\u00fcleti irod\u00e1nkba. Feladatok: \u2022 nemzetk\u00f6zi [&hellip;]<\/p>\n","protected":false},"author":1,"featured_media":0,"parent":0,"menu_order":0,"comment_status":"closed","ping_status":"closed","template":"","meta":{"footnotes":""},"_links":{"self":[{"href":"https:\/\/www.petrolsped.hu\/en\/wp-json\/wp\/v2\/pages\/79482"}],"collection":[{"href":"https:\/\/www.petrolsped.hu\/en\/wp-json\/wp\/v2\/pages"}],"about":[{"href":"https:\/\/www.petrolsped.hu\/en\/wp-json\/wp\/v2\/types\/page"}],"author":[{"embeddable":true,"href":"https:\/\/www.petrolsped.hu\/en\/wp-json\/wp\/v2\/users\/1"}],"replies":[{"embeddable":true,"href":"https:\/\/www.petrolsped.hu\/en\/wp-json\/wp\/v2\/comments?post=79482"}],"version-history":[{"count":5,"href":"https:\/\/www.petrolsped.hu\/en\/wp-json\/wp\/v2\/pages\/79482\/revisions"}],"predecessor-version":[{"id":79956,"href":"https:\/\/www.petrolsped.hu\/en\/wp-json\/wp\/v2\/pages\/79482\/revisions\/79956"}],"wp:attachment":[{"href":"https:\/\/www.petrolsped.hu\/en\/wp-json\/wp\/v2\/media?parent=79482"}],"curies":[{"name":"wp","href":"https:\/\/api.w.org\/{rel}","templated":true}]}}