{"id":79487,"date":"2018-06-22T17:22:59","date_gmt":"2018-06-22T17:22:59","guid":{"rendered":"http:\/\/www.petrolsped.hu\/?page_id=79487"},"modified":"2023-02-15T13:09:33","modified_gmt":"2023-02-15T13:09:33","slug":"cegadatok","status":"publish","type":"page","link":"https:\/\/www.petrolsped.hu\/en\/cegadatok\/","title":{"rendered":"Company details"},"content":{"rendered":"<p>C\u00e9g elnevez\u00e9se: \u00a0Petrolsped Sz\u00e1ll\u00edtm\u00e1nyoz\u00e1si, Kereskedelmi \u00e9s Szolg\u00e1ltat\u00f3 Korl\u00e1tolt Felel\u0151ss\u00e9g\u0171 T\u00e1rsas\u00e1g<br \/>\nC\u00e9g r\u00f6vid\u00edtett elnevez\u00e9se: Petrolsped Kft.<br \/>\nSz\u00e9khely: 1035 Budapest, Ker\u00e9k u. 80.<br \/>\nTelefonsz\u00e1m: +36 1 315 1148<br \/>\nFax: +36 1 315 1149<br \/>\ne-mail c\u00edm: <a href=\"mailto:petrolsped@petrolsped.hu\">petrolsped@petrolsped.hu<\/a><br \/>\nC\u00e9gbejegyz\u00e9si sz\u00e1m: 01-09-560797<br \/>\nAd\u00f3sz\u00e1m: 12161669-2-41<br \/>\nK\u00f6z\u00f6ss\u00e9gi ad\u00f3sz\u00e1m: HU12161669<br \/>\nSz\u00e1mlavezet\u0151 bank: Unicredit Bank Zrt.<br \/>\nHUF sz\u00e1mlasz\u00e1m: HU90 10900059-00000003-35510016<br \/>\nEUR sz\u00e1mlasz\u00e1m: HU90 10918001-00000003-35510030<br \/>\nSwift k\u00f3d: BACX HU HB<\/p>","protected":false},"excerpt":{"rendered":"<p>C\u00e9g elnevez\u00e9se: \u00a0Petrolsped Sz\u00e1ll\u00edtm\u00e1nyoz\u00e1si, Kereskedelmi \u00e9s Szolg\u00e1ltat\u00f3 Korl\u00e1tolt Felel\u0151ss\u00e9g\u0171 T\u00e1rsas\u00e1g C\u00e9g r\u00f6vid\u00edtett elnevez\u00e9se: Petrolsped Kft. Sz\u00e9khely: 1035 Budapest, Ker\u00e9k u. [&hellip;]<\/p>\n","protected":false},"author":1,"featured_media":0,"parent":0,"menu_order":0,"comment_status":"closed","ping_status":"closed","template":"","meta":{"footnotes":""},"_links":{"self":[{"href":"https:\/\/www.petrolsped.hu\/en\/wp-json\/wp\/v2\/pages\/79487"}],"collection":[{"href":"https:\/\/www.petrolsped.hu\/en\/wp-json\/wp\/v2\/pages"}],"about":[{"href":"https:\/\/www.petrolsped.hu\/en\/wp-json\/wp\/v2\/types\/page"}],"author":[{"embeddable":true,"href":"https:\/\/www.petrolsped.hu\/en\/wp-json\/wp\/v2\/users\/1"}],"replies":[{"embeddable":true,"href":"https:\/\/www.petrolsped.hu\/en\/wp-json\/wp\/v2\/comments?post=79487"}],"version-history":[{"count":4,"href":"https:\/\/www.petrolsped.hu\/en\/wp-json\/wp\/v2\/pages\/79487\/revisions"}],"predecessor-version":[{"id":79953,"href":"https:\/\/www.petrolsped.hu\/en\/wp-json\/wp\/v2\/pages\/79487\/revisions\/79953"}],"wp:attachment":[{"href":"https:\/\/www.petrolsped.hu\/en\/wp-json\/wp\/v2\/media?parent=79487"}],"curies":[{"name":"wp","href":"https:\/\/api.w.org\/{rel}","templated":true}]}}